{"id":317,"date":"2025-01-16T14:06:48","date_gmt":"2025-01-16T13:06:48","guid":{"rendered":"https:\/\/www.svwittmund.de\/wp23\/?page_id=317"},"modified":"2025-02-20T11:42:52","modified_gmt":"2025-02-20T10:42:52","slug":"damen","status":"publish","type":"page","link":"https:\/\/www.svwittmund.de\/wp23\/damen\/","title":{"rendered":"Damen"},"content":{"rendered":"\n<div class=\"wp-block-media-text alignwide has-media-on-the-right is-stacked-on-mobile is-vertically-aligned-center has-white-color has-text-color has-background has-link-color wp-elements-369f5691e2b711bf5cd773e16cee75e8\" style=\"background-color:#1f73be;grid-template-columns:auto 31%\"><div class=\"wp-block-media-text__content\">\n<div class=\"wp-block-group has-medium-font-size\" style=\"padding-top:2em;padding-right:2em;padding-bottom:2em;padding-left:2em\"><div class=\"wp-block-group__inner-container is-layout-flow wp-block-group-is-layout-flow\">\n<p style=\"font-size:36px;line-height:1.2\">Saison 2024\/25<\/p>\n\n\n\n<p class=\"has-medium-font-size\" style=\"line-height:1.2\"><strong>Trainer:<\/strong> <\/p>\n\n\n\n<p class=\"has-medium-font-size\" style=\"line-height:1.2\">G\u00fcnther Schindler<\/p>\n\n\n\n<p class=\"has-medium-font-size\" style=\"line-height:1.2\"><br><strong>Training:<\/strong><\/p>\n\n\n\n<p class=\"has-medium-font-size\" style=\"line-height:1.2\">Sportanlage Isums<br><\/p>\n\n\n\n<p style=\"font-size:18px\"><strong>Kontakt: <\/strong><\/p>\n\n\n\n<p style=\"font-size:18px\">guenther.schindler@gmx.net<br>01525 6453000<\/p>\n<\/div><\/div>\n<\/div><figure class=\"wp-block-media-text__media\"><img loading=\"lazy\" decoding=\"async\" width=\"512\" height=\"512\" src=\"https:\/\/www.svwittmund.de\/wp23\/wp-content\/uploads\/2024\/06\/cropped-svwlogo1211.png\" alt=\"\" class=\"wp-image-248 size-full\" srcset=\"https:\/\/www.svwittmund.de\/wp23\/wp-content\/uploads\/2024\/06\/cropped-svwlogo1211.png 512w, https:\/\/www.svwittmund.de\/wp23\/wp-content\/uploads\/2024\/06\/cropped-svwlogo1211-300x300.png 300w, https:\/\/www.svwittmund.de\/wp23\/wp-content\/uploads\/2024\/06\/cropped-svwlogo1211-150x150.png 150w, https:\/\/www.svwittmund.de\/wp23\/wp-content\/uploads\/2024\/06\/cropped-svwlogo1211-60x60.png 60w, https:\/\/www.svwittmund.de\/wp23\/wp-content\/uploads\/2024\/06\/cropped-svwlogo1211-270x270.png 270w, https:\/\/www.svwittmund.de\/wp23\/wp-content\/uploads\/2024\/06\/cropped-svwlogo1211-192x192.png 192w, https:\/\/www.svwittmund.de\/wp23\/wp-content\/uploads\/2024\/06\/cropped-svwlogo1211-180x180.png 180w, https:\/\/www.svwittmund.de\/wp23\/wp-content\/uploads\/2024\/06\/cropped-svwlogo1211-32x32.png 32w\" sizes=\"auto, (max-width: 512px) 100vw, 512px\" \/><\/figure><\/div>\n\n\n<div class=\"fussballde_widget include-fussball-de-widgets\"  data-id=\"d2938a9a-f98e-447c-a40d-d91c32adbec7\"  data-type=\"table\"><\/div>\n\n\n<div class=\"fussballde_widget include-fussball-de-widgets\"  data-id=\"2346b6bb-c015-470d-9ae2-cb159d8c4325\"  data-type=\"team-matches\"><\/div>\n\n\n<ul class=\"wp-block-latest-posts__list wp-block-latest-posts\"><li><div class=\"wp-block-latest-posts__featured-image\"><img loading=\"lazy\" decoding=\"async\" width=\"150\" height=\"150\" src=\"https:\/\/www.svwittmund.de\/wp23\/wp-content\/uploads\/2025\/06\/23641602-FA41-4EB8-B5CA-192FEC33EDFC-150x150.jpeg\" class=\"attachment-thumbnail size-thumbnail wp-post-image\" alt=\"\" style=\"max-width:113px;max-height:113px;\" \/><\/div><a class=\"wp-block-latest-posts__post-title\" href=\"https:\/\/www.svwittmund.de\/wp23\/2025\/06\/02\/damen-holen-meisterschaft\/\">Damen holen Meisterschaft<\/a><div class=\"wp-block-latest-posts__post-excerpt\">Unsere Damenmannschaft ist Ostfrieslandklassen B Meister der Saison 2024\/2025! Wir gratulieren herzlich zu diesem Erfolg, welcher nicht selbstverst\u00e4ndlich war. Immer wieder f\u00fchrten Personalprobleme durch Verletzungen und Abg\u00e4ngen zu Schwierigkeiten w\u00e4hrend &#8230;<\/div><\/li>\n<li><div class=\"wp-block-latest-posts__featured-image\"><img loading=\"lazy\" decoding=\"async\" width=\"150\" height=\"150\" src=\"https:\/\/www.svwittmund.de\/wp23\/wp-content\/uploads\/2025\/02\/damenbeitrag-150x150.jpg\" class=\"attachment-thumbnail size-thumbnail wp-post-image\" alt=\"\" style=\"max-width:113px;max-height:113px;\" \/><\/div><a class=\"wp-block-latest-posts__post-title\" href=\"https:\/\/www.svwittmund.de\/wp23\/2025\/02\/20\/wittmunder-damen-erfolgreich-bei-futsalmeisterschaft\/\">Wittmunder Damen erfolgreich bei Futsalmeisterschaft<\/a><div class=\"wp-block-latest-posts__post-excerpt\">Am 15.02.25 traten die Damenmannschaft rund um G\u00fcnther Schindler im Finale der Futsal Ostfrieslandmeisterschaft an. In Hesel mussten sie sich gegen die besten aus der zweiten Staffel, sowie bekannte Gegner &#8230;<\/div><\/li>\n<\/ul>","protected":false},"excerpt":{"rendered":"","protected":false},"author":1,"featured_media":0,"parent":0,"menu_order":0,"comment_status":"closed","ping_status":"closed","template":"","meta":{"footnotes":""},"class_list":["post-317","page","type-page","status-publish","hentry"],"_links":{"self":[{"href":"https:\/\/www.svwittmund.de\/wp23\/wp-json\/wp\/v2\/pages\/317","targetHints":{"allow":["GET"]}}],"collection":[{"href":"https:\/\/www.svwittmund.de\/wp23\/wp-json\/wp\/v2\/pages"}],"about":[{"href":"https:\/\/www.svwittmund.de\/wp23\/wp-json\/wp\/v2\/types\/page"}],"author":[{"embeddable":true,"href":"https:\/\/www.svwittmund.de\/wp23\/wp-json\/wp\/v2\/users\/1"}],"replies":[{"embeddable":true,"href":"https:\/\/www.svwittmund.de\/wp23\/wp-json\/wp\/v2\/comments?post=317"}],"version-history":[{"count":7,"href":"https:\/\/www.svwittmund.de\/wp23\/wp-json\/wp\/v2\/pages\/317\/revisions"}],"predecessor-version":[{"id":772,"href":"https:\/\/www.svwittmund.de\/wp23\/wp-json\/wp\/v2\/pages\/317\/revisions\/772"}],"wp:attachment":[{"href":"https:\/\/www.svwittmund.de\/wp23\/wp-json\/wp\/v2\/media?parent=317"}],"curies":[{"name":"wp","href":"https:\/\/api.w.org\/{rel}","templated":true}]}}