{"id":325,"date":"2025-01-16T14:07:56","date_gmt":"2025-01-16T13:07:56","guid":{"rendered":"https:\/\/www.svwittmund.de\/wp23\/?page_id=325"},"modified":"2025-02-13T15:08:28","modified_gmt":"2025-02-13T14:08:28","slug":"darts","status":"publish","type":"page","link":"https:\/\/www.svwittmund.de\/wp23\/darts\/","title":{"rendered":"Darts &#8222;DC Phantom Hornets&#8220;"},"content":{"rendered":"\n<div class=\"wp-block-media-text alignwide has-media-on-the-right is-stacked-on-mobile is-vertically-aligned-center has-white-color has-text-color has-background has-link-color wp-elements-938580d6cd1747ee2176d3cb07288981\" style=\"background-color:#1f73be;grid-template-columns:auto 33%\"><div class=\"wp-block-media-text__content\">\n<div class=\"wp-block-group has-medium-font-size\" style=\"padding-top:2em;padding-right:2em;padding-bottom:2em;padding-left:2em\"><div class=\"wp-block-group__inner-container is-layout-flow wp-block-group-is-layout-flow\">\n<p style=\"font-size:36px;line-height:1.2\"><strong>Spartenleiter:<\/strong> <\/p>\n\n\n\n<p class=\"has-medium-font-size\" style=\"line-height:1.2\">Steven Solomon<\/p>\n\n\n\n<p class=\"has-medium-font-size\" style=\"line-height:1.2\"><br><strong>Training:<\/strong> <\/p>\n\n\n\n<p class=\"has-medium-font-size\" style=\"line-height:1.2\">Vereinsheim Isums<br>montags und donnerstags ab 19.00 Uhr<\/p>\n\n\n\n<p style=\"font-size:18px\"><strong>Kontakt: <\/strong><\/p>\n\n\n\n<p style=\"font-size:18px\">darts@svwittmund.de<br>0152-38239557<\/p>\n\n\n\n<p>Auf unserer <a href=\"https:\/\/www.instagram.com\/dc_phantom_hornets\">Instagram-Seite<\/a> findest du regelm\u00e4\u00dfig spannende Infos, Neuigkeiten und Einblicke in unsere Aktivit\u00e4ten. Schau doch mal vorbei \u2013 wir sind immer auf der Suche nach neuen Mitspielern, unabh\u00e4ngig vom Leistungsstand!<\/p>\n\n\n\n<p>Unser Vereinsheim bietet mit vier beleuchteten Scheiben und modernstem technischen Equipment ideale Bedingungen f\u00fcr ein effektives Training und Wettk\u00e4mpfe.<\/p>\n\n\n\n<p>Aktuell nehmen wir mit 10 aktiven Spielern am Ligabetrieb teil.<\/p>\n<\/div><\/div>\n<\/div><figure class=\"wp-block-media-text__media\"><img loading=\"lazy\" decoding=\"async\" width=\"626\" height=\"626\" src=\"https:\/\/www.svwittmund.de\/wp23\/wp-content\/uploads\/2025\/01\/dchornets.jpg\" alt=\"\" class=\"wp-image-489 size-full\" srcset=\"https:\/\/www.svwittmund.de\/wp23\/wp-content\/uploads\/2025\/01\/dchornets.jpg 626w, https:\/\/www.svwittmund.de\/wp23\/wp-content\/uploads\/2025\/01\/dchornets-300x300.jpg 300w, https:\/\/www.svwittmund.de\/wp23\/wp-content\/uploads\/2025\/01\/dchornets-150x150.jpg 150w, https:\/\/www.svwittmund.de\/wp23\/wp-content\/uploads\/2025\/01\/dchornets-116x116.jpg 116w\" sizes=\"auto, (max-width: 626px) 100vw, 626px\" \/><\/figure><\/div>\n\n\n\n<p><\/p>\n\n\n\n\t\t<div class=\"wp-block-getwid-recent-posts has-layout-list has-cropped-images\">\n\t\t\t<div class=\"wp-block-getwid-recent-posts__wrapper\">\n\t\t\t\t\n<article id=\"post-840\" class=\"wp-block-getwid-recent-posts__post\">\n    <div class=\"wp-block-getwid-recent-posts__post-wrapper\">\n                    <div class=\"wp-block-getwid-recent-posts__post-thumbnail\">\n                <a href=\"https:\/\/www.svwittmund.de\/wp23\/2025\/05\/22\/dc-phantom-hornets-sichern-sich-meisterschaft-und-aufstieg\/\"><img loading=\"lazy\" decoding=\"async\" width=\"480\" height=\"300\" src=\"https:\/\/www.svwittmund.de\/wp23\/wp-content\/uploads\/2025\/05\/dartsmeister-480x300.jpg\" class=\"attachment-onepress-small size-onepress-small wp-post-image\" alt=\"DC Phantom Hornets sichern sich Meisterschaft und Aufstieg\" srcset=\"https:\/\/www.svwittmund.de\/wp23\/wp-content\/uploads\/2025\/05\/dartsmeister-480x300.jpg 480w, https:\/\/www.svwittmund.de\/wp23\/wp-content\/uploads\/2025\/05\/dartsmeister-640x400.jpg 640w\" sizes=\"auto, (max-width: 480px) 100vw, 480px\" \/><\/a>\n            <\/div>\n                            <div class=\"wp-block-getwid-recent-posts__content-wrapper\">\n                                    <header class=\"wp-block-getwid-recent-posts__entry-header\">\n                                                    <h3 class=\"wp-block-getwid-recent-posts__post-title\"><a href=\"https:\/\/www.svwittmund.de\/wp23\/2025\/05\/22\/dc-phantom-hornets-sichern-sich-meisterschaft-und-aufstieg\/\">DC Phantom Hornets sichern sich Meisterschaft und Aufstieg<\/a><\/h3>                                                                            <div class=\"wp-block-getwid-recent-posts__entry-meta\">\n                                                                    <span class=\"wp-block-getwid-recent-posts__post-date\">\n                                        <time datetime=\"2025-05-22T10:18:34+02:00\"><a href=\"https:\/\/www.svwittmund.de\/wp23\/2025\/05\/22\/\">22. Mai 2025<\/a><\/time>\n                                    <\/span>\n                                                            <\/div>\n                                            <\/header>\n                                <div class=\"wp-block-getwid-recent-posts__post-content\">Gro\u00dfer Erfolg f\u00fcr die Dartssparte des SV Wittmund: Die DC Phantom Hornets haben sich am vergangenen Samstag mit einem souver\u00e4nen 10:2-Sieg gegen DC Friesenstolz Victorbur die Meisterschaft gesichert \u2013 und &#8230;<\/div>\n                \n                            <\/div>\n            <\/div>\n<\/article>\n\n<article id=\"post-814\" class=\"wp-block-getwid-recent-posts__post\">\n    <div class=\"wp-block-getwid-recent-posts__post-wrapper\">\n                    <div class=\"wp-block-getwid-recent-posts__post-thumbnail\">\n                <a href=\"https:\/\/www.svwittmund.de\/wp23\/2025\/03\/25\/auswaertssieg-phantom-hornets-zurueck-an-der-spitze\/\"><img loading=\"lazy\" decoding=\"async\" width=\"480\" height=\"300\" src=\"https:\/\/www.svwittmund.de\/wp23\/wp-content\/uploads\/2025\/03\/horn-480x300.jpg\" class=\"attachment-onepress-small size-onepress-small wp-post-image\" alt=\"Ausw\u00e4rtssieg! Phantom Hornets zur\u00fcck an der Spitze\" srcset=\"https:\/\/www.svwittmund.de\/wp23\/wp-content\/uploads\/2025\/03\/horn-480x300.jpg 480w, https:\/\/www.svwittmund.de\/wp23\/wp-content\/uploads\/2025\/03\/horn-640x400.jpg 640w\" sizes=\"auto, (max-width: 480px) 100vw, 480px\" \/><\/a>\n            <\/div>\n                            <div class=\"wp-block-getwid-recent-posts__content-wrapper\">\n                                    <header class=\"wp-block-getwid-recent-posts__entry-header\">\n                                                    <h3 class=\"wp-block-getwid-recent-posts__post-title\"><a href=\"https:\/\/www.svwittmund.de\/wp23\/2025\/03\/25\/auswaertssieg-phantom-hornets-zurueck-an-der-spitze\/\">Ausw\u00e4rtssieg! Phantom Hornets zur\u00fcck an der Spitze<\/a><\/h3>                                                                            <div class=\"wp-block-getwid-recent-posts__entry-meta\">\n                                                                    <span class=\"wp-block-getwid-recent-posts__post-date\">\n                                        <time datetime=\"2025-03-25T15:12:52+01:00\"><a href=\"https:\/\/www.svwittmund.de\/wp23\/2025\/03\/25\/\">25. M\u00e4rz 2025<\/a><\/time>\n                                    <\/span>\n                                                            <\/div>\n                                            <\/header>\n                                <div class=\"wp-block-getwid-recent-posts__post-content\">Mit einem starken 9:3-Ausw\u00e4rtserfolg (31:23 Legs) gegen den DC Blue Hornets Mullberg B konnten wir uns die Tabellenf\u00fchrung zur\u00fcckholen! Von Beginn an waren wir hochmotiviert und entschlossen, dieses wichtige Spiel &#8230;<\/div>\n                \n                            <\/div>\n            <\/div>\n<\/article>\n\n<article id=\"post-776\" class=\"wp-block-getwid-recent-posts__post\">\n    <div class=\"wp-block-getwid-recent-posts__post-wrapper\">\n                    <div class=\"wp-block-getwid-recent-posts__post-thumbnail\">\n                <a href=\"https:\/\/www.svwittmund.de\/wp23\/2025\/02\/23\/phantom-hornets-siegen-souveraen-im-topspiel-gegen-plaggenburg\/\"><img loading=\"lazy\" decoding=\"async\" width=\"480\" height=\"300\" src=\"https:\/\/www.svwittmund.de\/wp23\/wp-content\/uploads\/2025\/02\/dcphorn1-e1740339912522-480x300.jpg\" class=\"attachment-onepress-small size-onepress-small wp-post-image\" alt=\"Phantom Hornets siegen souver\u00e4n im Topspiel gegen Plaggenburg\" srcset=\"https:\/\/www.svwittmund.de\/wp23\/wp-content\/uploads\/2025\/02\/dcphorn1-e1740339912522-480x300.jpg 480w, https:\/\/www.svwittmund.de\/wp23\/wp-content\/uploads\/2025\/02\/dcphorn1-e1740339912522-640x400.jpg 640w\" sizes=\"auto, (max-width: 480px) 100vw, 480px\" \/><\/a>\n            <\/div>\n                            <div class=\"wp-block-getwid-recent-posts__content-wrapper\">\n                                    <header class=\"wp-block-getwid-recent-posts__entry-header\">\n                                                    <h3 class=\"wp-block-getwid-recent-posts__post-title\"><a href=\"https:\/\/www.svwittmund.de\/wp23\/2025\/02\/23\/phantom-hornets-siegen-souveraen-im-topspiel-gegen-plaggenburg\/\">Phantom Hornets siegen souver\u00e4n im Topspiel gegen Plaggenburg<\/a><\/h3>                                                                            <div class=\"wp-block-getwid-recent-posts__entry-meta\">\n                                                                    <span class=\"wp-block-getwid-recent-posts__post-date\">\n                                        <time datetime=\"2025-02-23T20:04:52+01:00\"><a href=\"https:\/\/www.svwittmund.de\/wp23\/2025\/02\/23\/\">23. Februar 2025<\/a><\/time>\n                                    <\/span>\n                                                            <\/div>\n                                            <\/header>\n                                <div class=\"wp-block-getwid-recent-posts__post-content\">Die DC Phantom Hornets haben im entscheidenden Topspiel gegen Plaggenburg eine beeindruckende Leistung gezeigt und sich mit einem deutlichen 10:2 in Sets und 33:12 in Legs durchgesetzt. Mit diesem starken &#8230;<\/div>\n                \n                            <\/div>\n            <\/div>\n<\/article>\n\n<article id=\"post-573\" class=\"wp-block-getwid-recent-posts__post\">\n    <div class=\"wp-block-getwid-recent-posts__post-wrapper\">\n                    <div class=\"wp-block-getwid-recent-posts__post-thumbnail\">\n                <a href=\"https:\/\/www.svwittmund.de\/wp23\/2025\/01\/19\/auswaertssieg-bei-den-blue-bulls-tannenhausen-b-phantom-hornets-weiterhin-an-der-tabellenspitze\/\"><img loading=\"lazy\" decoding=\"async\" width=\"480\" height=\"300\" src=\"https:\/\/www.svwittmund.de\/wp23\/wp-content\/uploads\/2025\/01\/hornets-e1737323343193-480x300.jpg\" class=\"attachment-onepress-small size-onepress-small wp-post-image\" alt=\"Ausw\u00e4rtssieg bei den Blue Bulls Tannenhausen B \u2013 Phantom Hornets weiterhin an der Tabellenspitze\" srcset=\"https:\/\/www.svwittmund.de\/wp23\/wp-content\/uploads\/2025\/01\/hornets-e1737323343193-480x300.jpg 480w, https:\/\/www.svwittmund.de\/wp23\/wp-content\/uploads\/2025\/01\/hornets-e1737323343193-640x400.jpg 640w\" sizes=\"auto, (max-width: 480px) 100vw, 480px\" \/><\/a>\n            <\/div>\n                            <div class=\"wp-block-getwid-recent-posts__content-wrapper\">\n                                    <header class=\"wp-block-getwid-recent-posts__entry-header\">\n                                                    <h3 class=\"wp-block-getwid-recent-posts__post-title\"><a href=\"https:\/\/www.svwittmund.de\/wp23\/2025\/01\/19\/auswaertssieg-bei-den-blue-bulls-tannenhausen-b-phantom-hornets-weiterhin-an-der-tabellenspitze\/\">Ausw\u00e4rtssieg bei den Blue Bulls Tannenhausen B \u2013 Phantom Hornets weiterhin an der Tabellenspitze<\/a><\/h3>                                                                            <div class=\"wp-block-getwid-recent-posts__entry-meta\">\n                                                                    <span class=\"wp-block-getwid-recent-posts__post-date\">\n                                        <time datetime=\"2025-01-19T22:49:13+01:00\"><a href=\"https:\/\/www.svwittmund.de\/wp23\/2025\/01\/19\/\">19. Januar 2025<\/a><\/time>\n                                    <\/span>\n                                                            <\/div>\n                                            <\/header>\n                                <div class=\"wp-block-getwid-recent-posts__post-content\">Am vergangenen Freitag konnten die Hornets einen souver\u00e4nen 10:2-Ausw\u00e4rtssieg gegen die Blue Bulls Tannenhausen B einfahren. Mit einem beeindruckenden Leg-Verh\u00e4ltnis von 32:12 lie\u00dfen wir nichts anbrennen und sicherten uns wichtige &#8230;<\/div>\n                \n                            <\/div>\n            <\/div>\n<\/article>\n\t\t\t<\/div>\n\t\t<\/div>\n\t\t\n\n\n<p style=\"font-size:17px\"><br><strong>Nutze gerne das Kontaktformular um mit der Dartsabteilung direkt in Kontakt zu treten.<\/strong><br><div class=\"wpforms-container wpforms-container-full wpforms-render-modern\" id=\"wpforms-653\"><form id=\"wpforms-form-653\" class=\"wpforms-validate wpforms-form wpforms-ajax-form\" data-formid=\"653\" method=\"post\" enctype=\"multipart\/form-data\" action=\"\/wp23\/wp-json\/wp\/v2\/pages\/325\" data-token=\"19d2dc9688e7116b5f50cb44455b44d8\" data-token-time=\"1777623440\"><noscript class=\"wpforms-error-noscript\">Bitte aktiviere JavaScript in deinem Browser, um dieses Formular fertigzustellen.<\/noscript><div class=\"wpforms-hidden\" id=\"wpforms-error-noscript\">Bitte aktiviere JavaScript in deinem Browser, um dieses Formular fertigzustellen.<\/div><div class=\"wpforms-field-container\"><div id=\"wpforms-653-field_1-container\" class=\"wpforms-field wpforms-field-name\" data-field-id=\"1\"><fieldset><legend class=\"wpforms-field-label\">Name <span class=\"wpforms-required-label\" aria-hidden=\"true\">*<\/span><\/legend><div class=\"wpforms-field-row wpforms-field-medium\"><div class=\"wpforms-field-row-block wpforms-first wpforms-one-half\"><input type=\"text\" id=\"wpforms-653-field_1\" class=\"wpforms-field-name-first wpforms-field-required\" name=\"wpforms[fields][1][first]\" aria-errormessage=\"wpforms-653-field_1-error\" required><label for=\"wpforms-653-field_1\" class=\"wpforms-field-sublabel after\">Vorname<\/label><\/div><div class=\"wpforms-field-row-block wpforms-one-half\"><input type=\"text\" id=\"wpforms-653-field_1-last\" class=\"wpforms-field-name-last wpforms-field-required\" name=\"wpforms[fields][1][last]\" aria-errormessage=\"wpforms-653-field_1-last-error\" required><label for=\"wpforms-653-field_1-last\" class=\"wpforms-field-sublabel after\">Nachname<\/label><\/div><\/div><\/fieldset><\/div><div id=\"wpforms-653-field_4-container\" class=\"wpforms-field wpforms-field-number\" data-field-id=\"4\"><label class=\"wpforms-field-label\" for=\"wpforms-653-field_4\">Telefonnummer<\/label><input type=\"number\" id=\"wpforms-653-field_4\" class=\"wpforms-field-medium\" name=\"wpforms[fields][4]\" step=\"any\" aria-errormessage=\"wpforms-653-field_4-error\" ><\/div><div id=\"wpforms-653-field_2-container\" class=\"wpforms-field wpforms-field-email\" data-field-id=\"2\"><label class=\"wpforms-field-label\" for=\"wpforms-653-field_2\">E-Mail-Adresse <span class=\"wpforms-required-label\" aria-hidden=\"true\">*<\/span><\/label><input type=\"email\" id=\"wpforms-653-field_2\" class=\"wpforms-field-medium wpforms-field-required\" name=\"wpforms[fields][2]\" spellcheck=\"false\" aria-errormessage=\"wpforms-653-field_2-error\" required><\/div><div id=\"wpforms-653-field_3-container\" class=\"wpforms-field wpforms-field-textarea\" data-field-id=\"3\"><label class=\"wpforms-field-label\" for=\"wpforms-653-field_3\">Kommentar oder Nachricht <span class=\"wpforms-required-label\" aria-hidden=\"true\">*<\/span><\/label><textarea id=\"wpforms-653-field_3\" class=\"wpforms-field-medium wpforms-field-required\" name=\"wpforms[fields][3]\" aria-errormessage=\"wpforms-653-field_3-error\" required><\/textarea><\/div><\/div><!-- .wpforms-field-container --><div class=\"wpforms-recaptcha-container wpforms-is-recaptcha wpforms-is-recaptcha-type-invisible\" ><div class=\"g-recaptcha\" data-sitekey=\"6LdQtbkqAAAAAAhWv6WtavTDkly4n4rWxh5IQoJj\" data-size=\"invisible\"><\/div><\/div><div class=\"wpforms-submit-container\" ><input type=\"hidden\" name=\"wpforms[id]\" value=\"653\"><input type=\"hidden\" name=\"page_title\" value=\"\"><input type=\"hidden\" name=\"page_url\" value=\"https:\/\/www.svwittmund.de\/wp23\/wp-json\/wp\/v2\/pages\/325\"><input type=\"hidden\" name=\"url_referer\" value=\"\"><button type=\"submit\" name=\"wpforms[submit]\" id=\"wpforms-submit-653\" class=\"wpforms-submit\" data-alt-text=\"Wird gesendet\u00a0\u2026\" data-submit-text=\"Absenden\" aria-live=\"assertive\" value=\"wpforms-submit\">Absenden<\/button><img loading=\"lazy\" decoding=\"async\" src=\"https:\/\/www.svwittmund.de\/wp23\/wp-content\/plugins\/wpforms-lite\/assets\/images\/submit-spin.svg\" class=\"wpforms-submit-spinner\" style=\"display: none;\" width=\"26\" height=\"26\" alt=\"Wird geladen\"><\/div><\/form><\/div>  <!-- .wpforms-container --><\/p>\n","protected":false},"excerpt":{"rendered":"<p>Nutze gerne das Kontaktformular um mit der Dartsabteilung direkt in Kontakt zu treten.<\/p>\n","protected":false},"author":1,"featured_media":0,"parent":0,"menu_order":0,"comment_status":"closed","ping_status":"closed","template":"","meta":{"footnotes":""},"class_list":["post-325","page","type-page","status-publish","hentry"],"_links":{"self":[{"href":"https:\/\/www.svwittmund.de\/wp23\/wp-json\/wp\/v2\/pages\/325","targetHints":{"allow":["GET"]}}],"collection":[{"href":"https:\/\/www.svwittmund.de\/wp23\/wp-json\/wp\/v2\/pages"}],"about":[{"href":"https:\/\/www.svwittmund.de\/wp23\/wp-json\/wp\/v2\/types\/page"}],"author":[{"embeddable":true,"href":"https:\/\/www.svwittmund.de\/wp23\/wp-json\/wp\/v2\/users\/1"}],"replies":[{"embeddable":true,"href":"https:\/\/www.svwittmund.de\/wp23\/wp-json\/wp\/v2\/comments?post=325"}],"version-history":[{"count":16,"href":"https:\/\/www.svwittmund.de\/wp23\/wp-json\/wp\/v2\/pages\/325\/revisions"}],"predecessor-version":[{"id":727,"href":"https:\/\/www.svwittmund.de\/wp23\/wp-json\/wp\/v2\/pages\/325\/revisions\/727"}],"wp:attachment":[{"href":"https:\/\/www.svwittmund.de\/wp23\/wp-json\/wp\/v2\/media?parent=325"}],"curies":[{"name":"wp","href":"https:\/\/api.w.org\/{rel}","templated":true}]}}