{"id":520,"date":"2025-01-17T10:32:25","date_gmt":"2025-01-17T09:32:25","guid":{"rendered":"https:\/\/www.svwittmund.de\/wp23\/?page_id=520"},"modified":"2025-01-21T13:26:40","modified_gmt":"2025-01-21T12:26:40","slug":"spielorte","status":"publish","type":"page","link":"https:\/\/www.svwittmund.de\/wp23\/spielorte\/","title":{"rendered":"Spielorte"},"content":{"rendered":"\n<p class=\"has-medium-font-size\"><strong>Fu\u00dfball<\/strong><\/p>\n\n\n\n<p style=\"font-size:19px\">Der SV Wittmund hat derzeit zwei Spielst\u00e4tten in der Kreisstadt. Zum einen ist das die Sportanlage in Isums mit einem Kunstrasenplatz (Flutlicht), einem Rasenplatz und einem Trainings- bzw. Jugendspielplatz. Die Anlage finden sie an der Adresse Isums 48, 26409 Wittmund. Erreichbar direkt an der L11 Ortsausgang Wittmund Richtung Leerhafe. Direkt beim Freibad oder dem Campingplatz &#8222;Friesensee&#8220;. Sie fahren einfach bis zum Ende der dortigen Stra\u00dfe.<\/p>\n\n\n\n<p style=\"font-size:19px\">Die andere Spielst\u00e4tte ist das Wittmunder Stadion an der Breslauer Stra\u00dfe. Das neue Stadion ist mit Flutlicht und einer kleinen Trib\u00fcne ausgestattet. <\/p>\n\n\n\n<p style=\"font-size:19px\"> Im Winter haben  die Mannschaften die Trainingsm\u00f6glichkeiten in den Sporthallen der Kreisstadt Wittmund. Hier im besonderen die KGS und BBS- Halle. Beide befinden sich am Schulzentrum der Alexander-von-Humboldt-Schule. Diese Befinden sich am Leepenser Weg. Zufahrt kann \u00fcber die Baltrumstra\u00dfe (KGS) oder auch \u00fcber die Bromberger Stra\u00dfe erfolgen. <\/p>\n\n\n\n<p class=\"has-medium-font-size\"><strong>Tischtennis<\/strong><\/p>\n\n\n\n<p style=\"font-size:19px\">Die Tischtennissparte trainiert und tr\u00e4gt ihre Punktspiele in der BBS-Halle aus.<\/p>\n\n\n\n<p class=\"has-medium-font-size\"><strong>Badminton <\/strong><\/p>\n\n\n\n<p class=\"has-medium-font-size\">Die Badmintonsparte trainiert in der BBS-Halle.<\/p>\n\n\n\n<p class=\"has-medium-font-size\"><strong>Darts<\/strong><\/p>\n\n\n\n<p style=\"font-size:19px\">Im Vereinsheim in Isums befinden sich die Spielm\u00f6glichkeiten f\u00fcr unsere Dartsabteilung.<\/p>\n\n\n\n<p><\/p>\n","protected":false},"excerpt":{"rendered":"<p>Fu\u00dfball Der SV Wittmund hat derzeit zwei Spielst\u00e4tten in der Kreisstadt. Zum einen ist das die Sportanlage in Isums mit einem Kunstrasenplatz (Flutlicht), einem Rasenplatz und einem Trainings- bzw. Jugendspielplatz. &#8230;<\/p>\n","protected":false},"author":1,"featured_media":0,"parent":0,"menu_order":0,"comment_status":"closed","ping_status":"closed","template":"","meta":{"footnotes":""},"class_list":["post-520","page","type-page","status-publish","hentry"],"_links":{"self":[{"href":"https:\/\/www.svwittmund.de\/wp23\/wp-json\/wp\/v2\/pages\/520","targetHints":{"allow":["GET"]}}],"collection":[{"href":"https:\/\/www.svwittmund.de\/wp23\/wp-json\/wp\/v2\/pages"}],"about":[{"href":"https:\/\/www.svwittmund.de\/wp23\/wp-json\/wp\/v2\/types\/page"}],"author":[{"embeddable":true,"href":"https:\/\/www.svwittmund.de\/wp23\/wp-json\/wp\/v2\/users\/1"}],"replies":[{"embeddable":true,"href":"https:\/\/www.svwittmund.de\/wp23\/wp-json\/wp\/v2\/comments?post=520"}],"version-history":[{"count":3,"href":"https:\/\/www.svwittmund.de\/wp23\/wp-json\/wp\/v2\/pages\/520\/revisions"}],"predecessor-version":[{"id":644,"href":"https:\/\/www.svwittmund.de\/wp23\/wp-json\/wp\/v2\/pages\/520\/revisions\/644"}],"wp:attachment":[{"href":"https:\/\/www.svwittmund.de\/wp23\/wp-json\/wp\/v2\/media?parent=520"}],"curies":[{"name":"wp","href":"https:\/\/api.w.org\/{rel}","templated":true}]}}